{"id":45,"date":"2020-06-12T08:57:47","date_gmt":"2020-06-12T08:57:47","guid":{"rendered":"https:\/\/hillerkiller.com\/alsichmal\/?page_id=45"},"modified":"2025-07-19T14:19:17","modified_gmt":"2025-07-19T14:19:17","slug":"inhalt","status":"publish","type":"page","link":"https:\/\/hillerkiller.com\/alsichmal\/index.php\/inhalt\/","title":{"rendered":"Inhalt"},"content":{"rendered":"\n<p class=\"has-drop-cap\">Die W\u00fcstencomics sind eine Sammlung stetig wachsender Erz\u00e4hlungen aus einem weit entfernten oder allzu nahen Universum. Ein fortlaufendes Abenteuer um den jungen Magier Hillerkiller, der eine geheimnisvolle Aufgabe zu erf\u00fcllen hat, und einer Gemeinschaft aus seltsamen Charakteren.<\/p>\n\n\n\n<figure class=\"wp-block-image size-large\"><img loading=\"lazy\" decoding=\"async\" width=\"1024\" height=\"512\" src=\"https:\/\/hillerkiller.com\/alsichmal\/wp-content\/uploads\/2021\/02\/shot02-1024x512.png\" alt=\"\" class=\"wp-image-759\" srcset=\"https:\/\/hillerkiller.com\/alsichmal\/wp-content\/uploads\/2021\/02\/shot02-1024x512.png 1024w, https:\/\/hillerkiller.com\/alsichmal\/wp-content\/uploads\/2021\/02\/shot02-300x150.png 300w, https:\/\/hillerkiller.com\/alsichmal\/wp-content\/uploads\/2021\/02\/shot02-768x384.png 768w, https:\/\/hillerkiller.com\/alsichmal\/wp-content\/uploads\/2021\/02\/shot02.png 1496w\" sizes=\"auto, (max-width: 1024px) 100vw, 1024px\" \/><\/figure>\n\n\n\n<p>Im <a href=\"https:\/\/hillerkiller.com\/alsichmal\/index.php\/stories\/\" data-type=\"page\" data-id=\"40\">Wiki-Stories<\/a>-Bereich gibt es noch mehr kleine Anekdoten abseits der Hauptgeschichte. Dort erfahrt ihr mehr \u00fcber die unterschiedlichsten Orte, Zeiten und Milieus des W\u00fcsten-Universums, seine Historie und Mystik.<\/p>\n\n\n\n<figure class=\"wp-block-image size-large\"><img loading=\"lazy\" decoding=\"async\" width=\"1024\" height=\"572\" src=\"https:\/\/hillerkiller.com\/alsichmal\/wp-content\/uploads\/2021\/02\/shot01-1024x572.png\" alt=\"\" class=\"wp-image-760\" srcset=\"https:\/\/hillerkiller.com\/alsichmal\/wp-content\/uploads\/2021\/02\/shot01-1024x572.png 1024w, https:\/\/hillerkiller.com\/alsichmal\/wp-content\/uploads\/2021\/02\/shot01-300x167.png 300w, https:\/\/hillerkiller.com\/alsichmal\/wp-content\/uploads\/2021\/02\/shot01-768x429.png 768w, https:\/\/hillerkiller.com\/alsichmal\/wp-content\/uploads\/2021\/02\/shot01.png 1512w\" sizes=\"auto, (max-width: 1024px) 100vw, 1024px\" \/><\/figure>\n\n\n\n<p>Die bisherigen Kapitel sind als B\u00fccher erh\u00e4ltlich: &#8222;Als ich mal pl\u00f6tzlich in der W\u00fcste gewesen bin&#8220; aus den Kapiteln 0 bis 2, &#8222;Woraufhin ich einen Zeitreisenden traf&#8220;, Kapitel 3 bis 6 und die Halloween-Folge Kapitel 7. Au\u00dferdem die sogenannte Nullnummer &#8222;Als ich mal auf hoher See verschollen war&#8220;, welche schon mal die Ereignisse am Ende der W\u00fcstencomics beleuchtet. Erschienen sind die in der <a href=\"https:\/\/www.kwimbi.de\/Kuenstler-Innen\/Maximilian-Hillerkiller-Hillerzeder\/?force_sid=b51a5c1d3fb49bd466714bd67b3e0124\" target=\"_blank\" rel=\"noreferrer noopener\">Edition Kwimbi<\/a> und erh\u00e4ltlich im Kwimbi Shop oder auf Nachfrage. <\/p>\n\n\n\n<figure class=\"wp-block-image size-large is-resized\"><img loading=\"lazy\" decoding=\"async\" width=\"670\" height=\"194\" src=\"https:\/\/hillerkiller.com\/alsichmal\/wp-content\/uploads\/2020\/07\/Comic03.jpg\" alt=\"\" class=\"wp-image-187\" style=\"width:503px;height:146px\" srcset=\"https:\/\/hillerkiller.com\/alsichmal\/wp-content\/uploads\/2020\/07\/Comic03.jpg 670w, https:\/\/hillerkiller.com\/alsichmal\/wp-content\/uploads\/2020\/07\/Comic03-300x87.jpg 300w\" sizes=\"auto, (max-width: 670px) 100vw, 670px\" \/><\/figure>\n\n\n\n<p>Eines Tages findet sich Hillerkiller, ein junger, unscheinbarer Mann, mitten auf dem Ozean treibend. Ohne Erinnerung oder Erkl\u00e4rung, wie er dort hin gekommen war. Er trifft auf den mysteri\u00f6sen K\u00e4ptain Mexikaner und seine Crew, die mit ihm zusammen auf die abenteuerliche Suche nach uralten Artefakten gehen. Sie schaffen es schlie\u00dflich, die gro\u00dfen Gegner zu besiegen und Herzensw\u00fcnsche zu erf\u00fcllen, doch die meisten Fragen bleiben ungekl\u00e4rt. So beginnt die Nullnummer &#8222;Als ich mal auf hoher See verschollen war&#8220;, die 2015 den ICOM Independent Comicpreis gewonnen hat.<\/p>\n\n\n\n<figure class=\"wp-block-image size-large\"><img loading=\"lazy\" decoding=\"async\" width=\"1024\" height=\"715\" src=\"https:\/\/hillerkiller.com\/alsichmal\/wp-content\/uploads\/2025\/07\/seecomic-1024x715.jpg\" alt=\"\" class=\"wp-image-984\" srcset=\"https:\/\/hillerkiller.com\/alsichmal\/wp-content\/uploads\/2025\/07\/seecomic-1024x715.jpg 1024w, https:\/\/hillerkiller.com\/alsichmal\/wp-content\/uploads\/2025\/07\/seecomic-300x210.jpg 300w, https:\/\/hillerkiller.com\/alsichmal\/wp-content\/uploads\/2025\/07\/seecomic-768x536.jpg 768w, https:\/\/hillerkiller.com\/alsichmal\/wp-content\/uploads\/2025\/07\/seecomic.jpg 1200w\" sizes=\"auto, (max-width: 1024px) 100vw, 1024px\" \/><\/figure>\n\n\n\n<p>Um all diese Fragen aber nun zu kl\u00e4ren, startet kurz darauf der Webcomic mit &#8222;Als ich mal pl\u00f6tzlich in der W\u00fcste gewesen bin&#8220;. Er erz\u00e4hlt die Vorgeschichte des See-Comics und beginnt, wenig \u00fcberraschend, damit, dass sich unser Held ohne Erinnerung oder Erkl\u00e4rung mitten in der W\u00fcste wieder findet. Ein mysteri\u00f6ser alter Mann erz\u00e4hlt ihm dort von einer gro\u00dfen Gefahr und gro\u00dfer Verantwortung, der er sich stellen m\u00fcsse. Doch zun\u00e4chst begibt er sich auf den steinigen Weg, mit Kapit\u00e4n Mexikaner eine Schiffs-Crew zusammen zu stellen und die noch immer unbekannten Artifakte zu sammeln.<\/p>\n\n\n\n<figure class=\"wp-block-image size-large\"><img loading=\"lazy\" decoding=\"async\" width=\"1024\" height=\"714\" src=\"https:\/\/hillerkiller.com\/alsichmal\/wp-content\/uploads\/2025\/07\/wueste-1024x714.jpg\" alt=\"\" class=\"wp-image-985\" srcset=\"https:\/\/hillerkiller.com\/alsichmal\/wp-content\/uploads\/2025\/07\/wueste-1024x714.jpg 1024w, https:\/\/hillerkiller.com\/alsichmal\/wp-content\/uploads\/2025\/07\/wueste-300x209.jpg 300w, https:\/\/hillerkiller.com\/alsichmal\/wp-content\/uploads\/2025\/07\/wueste-768x536.jpg 768w, https:\/\/hillerkiller.com\/alsichmal\/wp-content\/uploads\/2025\/07\/wueste-1536x1072.jpg 1536w, https:\/\/hillerkiller.com\/alsichmal\/wp-content\/uploads\/2025\/07\/wueste.jpg 1700w\" sizes=\"auto, (max-width: 1024px) 100vw, 1024px\" \/><\/figure>\n\n\n\n<p>Im zweiten Band &#8222;Woraufhin ich einen Zeitreisenden traf&#8220; versuchen sich unsere Held*innen in erster Linie ein seetaugliches Boot zu verschaffen, was sich als gar nicht so einfach und als Frage der Definition heraus stellt. Es verschl\u00e4gt sie schlie\u00dflich auf eine rechts-konservative Insel und sie sind gezwungen, gro\u00dfe Gesch\u00fctze aufzufahren und sich mit Teleportation und Fusion auseinander zu setzen. <\/p>\n\n\n\n<figure class=\"wp-block-image size-large\"><img loading=\"lazy\" decoding=\"async\" width=\"1024\" height=\"709\" src=\"https:\/\/hillerkiller.com\/alsichmal\/wp-content\/uploads\/2025\/07\/zeit-1024x709.jpg\" alt=\"\" class=\"wp-image-986\" srcset=\"https:\/\/hillerkiller.com\/alsichmal\/wp-content\/uploads\/2025\/07\/zeit-1024x709.jpg 1024w, https:\/\/hillerkiller.com\/alsichmal\/wp-content\/uploads\/2025\/07\/zeit-300x208.jpg 300w, https:\/\/hillerkiller.com\/alsichmal\/wp-content\/uploads\/2025\/07\/zeit-768x532.jpg 768w, https:\/\/hillerkiller.com\/alsichmal\/wp-content\/uploads\/2025\/07\/zeit-1536x1063.jpg 1536w, https:\/\/hillerkiller.com\/alsichmal\/wp-content\/uploads\/2025\/07\/zeit.jpg 1791w\" sizes=\"auto, (max-width: 1024px) 100vw, 1024px\" \/><\/figure>\n\n\n\n<p>&#8222;Das Blutschloss&#8220; ist eine kurze Zwischenerz\u00e4hlung, eine Halloweenfolge mit den Charakteren der Serie im Setting eines d\u00fcsteren Schlosses voller Vampire, Geister und Hexen. Inspektor M\u00e4xchen muss den Fall eines enthaupteten Grafen aufkl\u00e4ren, w\u00e4hrend die eine H\u00e4lfte der Schlossbewohner versucht ihn zu verf\u00fchren und die andere H\u00e4lfte dunkle Geister der Vergangenheit beschw\u00f6rt.<\/p>\n\n\n\n<figure class=\"wp-block-image size-large\"><img loading=\"lazy\" decoding=\"async\" width=\"1024\" height=\"722\" src=\"https:\/\/hillerkiller.com\/alsichmal\/wp-content\/uploads\/2025\/07\/Halloweencover-1024x722.jpg\" alt=\"\" class=\"wp-image-987\" srcset=\"https:\/\/hillerkiller.com\/alsichmal\/wp-content\/uploads\/2025\/07\/Halloweencover-1024x722.jpg 1024w, https:\/\/hillerkiller.com\/alsichmal\/wp-content\/uploads\/2025\/07\/Halloweencover-300x212.jpg 300w, https:\/\/hillerkiller.com\/alsichmal\/wp-content\/uploads\/2025\/07\/Halloweencover-768x541.jpg 768w, https:\/\/hillerkiller.com\/alsichmal\/wp-content\/uploads\/2025\/07\/Halloweencover.jpg 1200w\" sizes=\"auto, (max-width: 1024px) 100vw, 1024px\" \/><\/figure>\n\n\n\n<p>Das aktuelle und letzte Buch erz\u00e4hlt nun den Abschluss unserer Heldenreisen. Diesmal erwacht Hillerkiller im Internet und soll vom alten Mann in den K\u00fcnsten der Magie geschult werden. <\/p>\n\n\n\n<p><\/p>\n\n\n\n<p><\/p>\n","protected":false},"excerpt":{"rendered":"<p>Die W\u00fcstencomics sind eine Sammlung stetig wachsender Erz\u00e4hlungen aus einem weit entfernten oder allzu nahen Universum. Ein fortlaufendes Abenteuer um den jungen Magier Hillerkiller, der eine geheimnisvolle Aufgabe zu erf\u00fcllen hat, und einer Gemeinschaft aus seltsamen Charakteren. Im Wiki-Stories-Bereich gibt es noch mehr kleine Anekdoten abseits der Hauptgeschichte. Dort erfahrt ihr mehr \u00fcber die unterschiedlichsten&#8230;<\/p>\n","protected":false},"author":1,"featured_media":0,"parent":0,"menu_order":0,"comment_status":"closed","ping_status":"closed","template":"","meta":{"footnotes":""},"class_list":["post-45","page","type-page","status-publish","hentry"],"_links":{"self":[{"href":"https:\/\/hillerkiller.com\/alsichmal\/index.php\/wp-json\/wp\/v2\/pages\/45","targetHints":{"allow":["GET"]}}],"collection":[{"href":"https:\/\/hillerkiller.com\/alsichmal\/index.php\/wp-json\/wp\/v2\/pages"}],"about":[{"href":"https:\/\/hillerkiller.com\/alsichmal\/index.php\/wp-json\/wp\/v2\/types\/page"}],"author":[{"embeddable":true,"href":"https:\/\/hillerkiller.com\/alsichmal\/index.php\/wp-json\/wp\/v2\/users\/1"}],"replies":[{"embeddable":true,"href":"https:\/\/hillerkiller.com\/alsichmal\/index.php\/wp-json\/wp\/v2\/comments?post=45"}],"version-history":[{"count":11,"href":"https:\/\/hillerkiller.com\/alsichmal\/index.php\/wp-json\/wp\/v2\/pages\/45\/revisions"}],"predecessor-version":[{"id":988,"href":"https:\/\/hillerkiller.com\/alsichmal\/index.php\/wp-json\/wp\/v2\/pages\/45\/revisions\/988"}],"wp:attachment":[{"href":"https:\/\/hillerkiller.com\/alsichmal\/index.php\/wp-json\/wp\/v2\/media?parent=45"}],"curies":[{"name":"wp","href":"https:\/\/api.w.org\/{rel}","templated":true}]}}